{"id":60,"date":"2020-10-23T22:52:40","date_gmt":"2020-10-23T20:52:40","guid":{"rendered":"http:\/\/apparthotel-marseilleprovence.com\/?page_id=60"},"modified":"2023-01-18T09:10:01","modified_gmt":"2023-01-18T08:10:01","slug":"contact","status":"publish","type":"page","link":"https:\/\/apparthotel-marseilleprovence.com\/index.php\/contact\/","title":{"rendered":"Contact"},"content":{"rendered":"\n<div class=\"wpcf7 no-js\" id=\"wpcf7-f59-o1\" lang=\"fr-FR\" dir=\"ltr\">\n<div class=\"screen-reader-response\"><p role=\"status\" aria-live=\"polite\" aria-atomic=\"true\"><\/p> <ul><\/ul><\/div>\n<form action=\"\/index.php\/wp-json\/wp\/v2\/pages\/60#wpcf7-f59-o1\" method=\"post\" class=\"wpcf7-form init\" aria-label=\"Formulaire de contact\" novalidate=\"novalidate\" data-status=\"init\">\n<div style=\"display: none;\">\n<input type=\"hidden\" name=\"_wpcf7\" value=\"59\" \/>\n<input type=\"hidden\" name=\"_wpcf7_version\" value=\"5.7.7\" \/>\n<input type=\"hidden\" name=\"_wpcf7_locale\" value=\"fr_FR\" \/>\n<input type=\"hidden\" name=\"_wpcf7_unit_tag\" value=\"wpcf7-f59-o1\" \/>\n<input type=\"hidden\" name=\"_wpcf7_container_post\" value=\"0\" \/>\n<input type=\"hidden\" name=\"_wpcf7_posted_data_hash\" value=\"\" \/>\n<\/div>\n<p><label> Your name<br \/>\n<span class=\"wpcf7-form-control-wrap\" data-name=\"your-name\"><input size=\"40\" class=\"wpcf7-form-control wpcf7-text wpcf7-validates-as-required\" aria-required=\"true\" aria-invalid=\"false\" value=\"\" type=\"text\" name=\"your-name\" \/><\/span> <\/label>\n<\/p>\n<p><label> Your email<br \/>\n<span class=\"wpcf7-form-control-wrap\" data-name=\"your-email\"><input size=\"40\" class=\"wpcf7-form-control wpcf7-text wpcf7-email wpcf7-validates-as-required wpcf7-validates-as-email\" aria-required=\"true\" aria-invalid=\"false\" value=\"\" type=\"email\" name=\"your-email\" \/><\/span> <\/label>\n<\/p>\n<p><label> Objet<br \/>\n<span class=\"wpcf7-form-control-wrap\" data-name=\"your-subject\"><input size=\"40\" class=\"wpcf7-form-control wpcf7-text wpcf7-validates-as-required\" aria-required=\"true\" aria-invalid=\"false\" value=\"\" type=\"text\" name=\"your-subject\" \/><\/span> <\/label>\n<\/p>\n<p><label> Your message (optional)<br \/>\n<span class=\"wpcf7-form-control-wrap\" data-name=\"your-message\"><textarea cols=\"40\" rows=\"10\" class=\"wpcf7-form-control wpcf7-textarea\" aria-invalid=\"false\" name=\"your-message\"><\/textarea><\/span> <\/label>\n<\/p>\n<p><input class=\"wpcf7-form-control has-spinner wpcf7-submit\" type=\"submit\" value=\"Submit\" \/>\n<\/p><div class=\"wpcf7-response-output\" aria-hidden=\"true\"><\/div>\n<\/form>\n<\/div>\n\n<h4><strong>QUELLE EST L\u2019HEURE D\u2019ARRIV\u00c9E ET DE D\u00c9PART ?<\/strong><\/h4>\n<p>Le check-in (arriv\u00e9e dans l\u2019appartement) est possible \u00e0 partir de 15h et le check-out (d\u00e9part de l\u2019appartement) doit \u00eatre fait au plus tard \u00e0 11h. Il est possible d\u2019arriver apr\u00e8s 20h00 moyennant des frais d\u2019arriv\u00e9e tardive de 10\u20ac . Il est possible d\u2019arriver avant 15h \u00e0 condition que le m\u00e9nage est \u00e9t\u00e9 r\u00e9alis\u00e9, veuillez nous contacter pour validation.<\/p>\n<h4><strong>DOIS-JE PAYER UN ACOMPTE ?<\/strong><\/h4>\n<p>A la r\u00e9servation le montant de la r\u00e9servation est encaiss\u00e9. En cas d\u2019annulation jusque 30 jours avant la date d\u2019arriv\u00e9e ce montant vous est int\u00e9gralement rembours\u00e9.<\/p>\n<h4><strong>VAIS-JE RECEVOIR UNE FACTURE \u00c0 L\u2019ISSUE DU S\u00c9JOUR ?<\/strong><\/h4>\n<p>Oui nous vous donnerons une facture en main propre \u00e0 votre arriv\u00e9e au logement.<\/p>\n<h4><strong>ANNULATION DE LOCATION<\/strong><\/h4>\n<p>Le client peut annuler sans frais jusqu&#8217;\u00e0 30 jours avant l&#8217;arriv\u00e9e. Aucun remboursement ne sera effectu\u00e9 en cas d\u2019annulation 30 jours avant votre arriv\u00e9e dans l\u2019appartement.<\/p>\n<h4><strong>LES APPARTEMENTS SONT IL \u00c0 UN \u00c9TAGE ?<\/strong><\/h4>\n<p>Non, il se situe au RDC, il n&#8217;est pas accessible aux personnes \u00e0 mobilit\u00e9 r\u00e9duite.<\/p>\n<h4><strong>LES ANIMAUX SONT ILS AUTORIS\u00c9S ?<\/strong><\/h4>\n<p>Nous aimons beaucoup les animaux mais ils sont malheureusement interdits dans l\u2019appartement pour des raisons d\u2019hygi\u00e8ne.<\/p>\n<h4><strong>L\u2019APPARTEMENT EST IL FUMEUR ?<\/strong><\/h4>\n<p>Il est strictement interdit de fumer dans l\u2019appartement (l\u2019appartement est \u00e9quip\u00e9 d\u2019un d\u00e9tecteur de fum\u00e9e).<\/p>\n<h4><strong>QUI CONTACTER EN CAS DE PROBL\u00c8MES ?<\/strong><\/h4>\n<p>Toutes les informations utiles seront dans le livret d\u2019accueil qui vous sera remis \u00e0 votre arriv\u00e9e.<\/p>\n<h4><strong>COMBIEN DE PERSONNES PEUVENT DORMIR DANS L\u2019APPARTEMENT ?<\/strong><\/h4>\n<p>Les appartements peuvent accueillir de 4 adultes et 1 b\u00e9b\u00e9 (lit d&#8217;appoint 120x75cm). Il y a soit des vrais lits (140\u00d7200) avec matelas tr\u00e8s confortable, soit canap\u00e9 lit avec vrai matelas (140&#215;190).<\/p>\n<h4><strong>LES SERVIETTES DE BAIN SONT-ELLES FOURNIES ?<\/strong><\/h4>\n<p>Oui, des serviettes de bain sont syst\u00e9matiquement fournies.<\/p>\n<h4><strong>LE M\u00c9NAGE EST-IL INCLUS LE S\u00c9JOUR ?<\/strong><\/h4>\n<p>Un forfait m\u00e9nage inclus dans le prix de la location (30 euros par s\u00e9jour) pour que l\u2019appartement vous soit livr\u00e9 propre pour votre arriv\u00e9e.<\/p>\n<p>Cependant le locataire est tenu de le rendre dans son \u00e9tat d\u2019utilisation normale (vaisselle faite, sol propre, etc\u2026). Un service de m\u00e9nage (30 \u20ac) vous sera factur\u00e9 si il est n\u00e9cessaire de r\u00e9aliser un nettoyage de plus d\u2019une heure.<\/p>\n<h4><strong>O\u00d9 PUIS JE ME GARER ?<\/strong><\/h4>\n<p>Un Parking payant est \u00e9galement disponible \u00e0 50m \u00e0 pieds (parking Q-Park Joliette). Vous pouvez \u00e9galement vous garer dans le quartier si des places sont disponibles.<\/p>\n<p>&nbsp;<\/p>\n","protected":false},"excerpt":{"rendered":"<p>QUELLE EST L\u2019HEURE D\u2019ARRIV\u00c9E ET DE D\u00c9PART ? Le check-in (arriv\u00e9e dans l\u2019appartement) est possible \u00e0 partir de 15h et le check-out (d\u00e9part de l\u2019appartement) doit \u00eatre fait au plus tard \u00e0 11h. Il est possible d\u2019arriver apr\u00e8s 20h00 moyennant des frais d\u2019arriv\u00e9e tardive de 10\u20ac . Il est possible d\u2019arriver avant 15h \u00e0 condition [&hellip;]<\/p>\n","protected":false},"author":1,"featured_media":0,"parent":0,"menu_order":0,"comment_status":"closed","ping_status":"closed","template":"","meta":{"_exactmetrics_skip_tracking":false,"_exactmetrics_sitenote_active":false,"_exactmetrics_sitenote_note":"","_exactmetrics_sitenote_category":0,"footnotes":""},"class_list":["post-60","page","type-page","status-publish","hentry","post-preview"],"yoast_head":"<!-- This site is optimized with the Yoast SEO plugin v24.9 - https:\/\/yoast.com\/wordpress\/plugins\/seo\/ -->\n<title>Formulaire de contact - Appart&#039;H\u00f4tel \u00e0 Marseille<\/title>\n<meta name=\"description\" content=\"La rubrique contact de vos Appart&#039;H\u00f4tel \u00e0 Marseille. Le calme et le Confort en Hypercentre. Vous pouvez nous transmettre vos questions.\" \/>\n<meta name=\"robots\" content=\"index, follow, max-snippet:-1, max-image-preview:large, max-video-preview:-1\" \/>\n<link rel=\"canonical\" href=\"https:\/\/apparthotel-marseilleprovence.com\/index.php\/contact\/\" \/>\n<meta property=\"og:locale\" content=\"en_US\" \/>\n<meta property=\"og:type\" content=\"article\" \/>\n<meta property=\"og:title\" content=\"Formulaire de contact - Appart&#039;H\u00f4tel \u00e0 Marseille\" \/>\n<meta property=\"og:description\" content=\"La rubrique contact de vos Appart&#039;H\u00f4tel \u00e0 Marseille. Le calme et le Confort en Hypercentre. Vous pouvez nous transmettre vos questions.\" \/>\n<meta property=\"og:url\" content=\"https:\/\/apparthotel-marseilleprovence.com\/index.php\/contact\/\" \/>\n<meta property=\"og:site_name\" content=\"AppartH\u00f4tel-Marseille\" \/>\n<meta property=\"article:modified_time\" content=\"2023-01-18T08:10:01+00:00\" \/>\n<meta name=\"twitter:card\" content=\"summary_large_image\" \/>\n<meta name=\"twitter:label1\" content=\"Est. reading time\" \/>\n\t<meta name=\"twitter:data1\" content=\"2 minutes\" \/>\n<script type=\"application\/ld+json\" class=\"yoast-schema-graph\">{\"@context\":\"https:\/\/schema.org\",\"@graph\":[{\"@type\":\"WebPage\",\"@id\":\"https:\/\/apparthotel-marseilleprovence.com\/index.php\/contact\/\",\"url\":\"https:\/\/apparthotel-marseilleprovence.com\/index.php\/contact\/\",\"name\":\"Formulaire de contact - Appart'H\u00f4tel \u00e0 Marseille\",\"isPartOf\":{\"@id\":\"https:\/\/apparthotel-marseilleprovence.com\/#website\"},\"datePublished\":\"2020-10-23T20:52:40+00:00\",\"dateModified\":\"2023-01-18T08:10:01+00:00\",\"description\":\"La rubrique contact de vos Appart'H\u00f4tel \u00e0 Marseille. Le calme et le Confort en Hypercentre. Vous pouvez nous transmettre vos questions.\",\"breadcrumb\":{\"@id\":\"https:\/\/apparthotel-marseilleprovence.com\/index.php\/contact\/#breadcrumb\"},\"inLanguage\":\"en-US\",\"potentialAction\":[{\"@type\":\"ReadAction\",\"target\":[\"https:\/\/apparthotel-marseilleprovence.com\/index.php\/contact\/\"]}]},{\"@type\":\"BreadcrumbList\",\"@id\":\"https:\/\/apparthotel-marseilleprovence.com\/index.php\/contact\/#breadcrumb\",\"itemListElement\":[{\"@type\":\"ListItem\",\"position\":1,\"name\":\"Accueil\",\"item\":\"https:\/\/apparthotel-marseilleprovence.com\/\"},{\"@type\":\"ListItem\",\"position\":2,\"name\":\"Contact\"}]},{\"@type\":\"WebSite\",\"@id\":\"https:\/\/apparthotel-marseilleprovence.com\/#website\",\"url\":\"https:\/\/apparthotel-marseilleprovence.com\/\",\"name\":\"AppartH\u00f4tel-Marseille\",\"description\":\"Une exp\u00e9rience unique pour vos s\u00e9jours \u00e0 Marseille\",\"potentialAction\":[{\"@type\":\"SearchAction\",\"target\":{\"@type\":\"EntryPoint\",\"urlTemplate\":\"https:\/\/apparthotel-marseilleprovence.com\/?s={search_term_string}\"},\"query-input\":{\"@type\":\"PropertyValueSpecification\",\"valueRequired\":true,\"valueName\":\"search_term_string\"}}],\"inLanguage\":\"en-US\"}]}<\/script>\n<!-- \/ Yoast SEO plugin. -->","yoast_head_json":{"title":"Formulaire de contact - Appart'H\u00f4tel \u00e0 Marseille","description":"La rubrique contact de vos Appart'H\u00f4tel \u00e0 Marseille. Le calme et le Confort en Hypercentre. Vous pouvez nous transmettre vos questions.","robots":{"index":"index","follow":"follow","max-snippet":"max-snippet:-1","max-image-preview":"max-image-preview:large","max-video-preview":"max-video-preview:-1"},"canonical":"https:\/\/apparthotel-marseilleprovence.com\/index.php\/contact\/","og_locale":"en_US","og_type":"article","og_title":"Formulaire de contact - Appart'H\u00f4tel \u00e0 Marseille","og_description":"La rubrique contact de vos Appart'H\u00f4tel \u00e0 Marseille. Le calme et le Confort en Hypercentre. Vous pouvez nous transmettre vos questions.","og_url":"https:\/\/apparthotel-marseilleprovence.com\/index.php\/contact\/","og_site_name":"AppartH\u00f4tel-Marseille","article_modified_time":"2023-01-18T08:10:01+00:00","twitter_card":"summary_large_image","twitter_misc":{"Est. reading time":"2 minutes"},"schema":{"@context":"https:\/\/schema.org","@graph":[{"@type":"WebPage","@id":"https:\/\/apparthotel-marseilleprovence.com\/index.php\/contact\/","url":"https:\/\/apparthotel-marseilleprovence.com\/index.php\/contact\/","name":"Formulaire de contact - Appart'H\u00f4tel \u00e0 Marseille","isPartOf":{"@id":"https:\/\/apparthotel-marseilleprovence.com\/#website"},"datePublished":"2020-10-23T20:52:40+00:00","dateModified":"2023-01-18T08:10:01+00:00","description":"La rubrique contact de vos Appart'H\u00f4tel \u00e0 Marseille. Le calme et le Confort en Hypercentre. Vous pouvez nous transmettre vos questions.","breadcrumb":{"@id":"https:\/\/apparthotel-marseilleprovence.com\/index.php\/contact\/#breadcrumb"},"inLanguage":"en-US","potentialAction":[{"@type":"ReadAction","target":["https:\/\/apparthotel-marseilleprovence.com\/index.php\/contact\/"]}]},{"@type":"BreadcrumbList","@id":"https:\/\/apparthotel-marseilleprovence.com\/index.php\/contact\/#breadcrumb","itemListElement":[{"@type":"ListItem","position":1,"name":"Accueil","item":"https:\/\/apparthotel-marseilleprovence.com\/"},{"@type":"ListItem","position":2,"name":"Contact"}]},{"@type":"WebSite","@id":"https:\/\/apparthotel-marseilleprovence.com\/#website","url":"https:\/\/apparthotel-marseilleprovence.com\/","name":"AppartH\u00f4tel-Marseille","description":"Une exp\u00e9rience unique pour vos s\u00e9jours \u00e0 Marseille","potentialAction":[{"@type":"SearchAction","target":{"@type":"EntryPoint","urlTemplate":"https:\/\/apparthotel-marseilleprovence.com\/?s={search_term_string}"},"query-input":{"@type":"PropertyValueSpecification","valueRequired":true,"valueName":"search_term_string"}}],"inLanguage":"en-US"}]}},"_links":{"self":[{"href":"https:\/\/apparthotel-marseilleprovence.com\/index.php\/wp-json\/wp\/v2\/pages\/60","targetHints":{"allow":["GET"]}}],"collection":[{"href":"https:\/\/apparthotel-marseilleprovence.com\/index.php\/wp-json\/wp\/v2\/pages"}],"about":[{"href":"https:\/\/apparthotel-marseilleprovence.com\/index.php\/wp-json\/wp\/v2\/types\/page"}],"author":[{"embeddable":true,"href":"https:\/\/apparthotel-marseilleprovence.com\/index.php\/wp-json\/wp\/v2\/users\/1"}],"replies":[{"embeddable":true,"href":"https:\/\/apparthotel-marseilleprovence.com\/index.php\/wp-json\/wp\/v2\/comments?post=60"}],"version-history":[{"count":6,"href":"https:\/\/apparthotel-marseilleprovence.com\/index.php\/wp-json\/wp\/v2\/pages\/60\/revisions"}],"predecessor-version":[{"id":164,"href":"https:\/\/apparthotel-marseilleprovence.com\/index.php\/wp-json\/wp\/v2\/pages\/60\/revisions\/164"}],"wp:attachment":[{"href":"https:\/\/apparthotel-marseilleprovence.com\/index.php\/wp-json\/wp\/v2\/media?parent=60"}],"curies":[{"name":"wp","href":"https:\/\/api.w.org\/{rel}","templated":true}]}}