{"id":35,"date":"2020-10-22T23:18:45","date_gmt":"2020-10-22T21:18:45","guid":{"rendered":"http:\/\/apparthotel-marseilleprovence.com\/?page_id=35"},"modified":"2023-01-18T11:00:29","modified_gmt":"2023-01-18T10:00:29","slug":"duplex-au-centre-ville-de-marseille","status":"publish","type":"page","link":"https:\/\/apparthotel-marseilleprovence.com\/index.php\/duplex-au-centre-ville-de-marseille\/","title":{"rendered":"Le Duplex Studio"},"content":{"rendered":"<style type=\"text\/css\">.easingslider-45 { width: 100%; }.easingslider-45 .easingslider-image { max-height: 800px; max-width: 1280px; }.easingslider-45 .easingslider-fade-in, .easingslider-fade-out { -webkit-animation-duration: 800ms; -moz-animation-duration: 800ms; animation-duration: 800ms; }<\/style><script type=\"text\/javascript\">window.EasingSlider45 = {\"width\":1280,\"height\":800,\"singleItem\":true,\"items\":1,\"itemsDesktop\":false,\"itemsDesktopSmall\":false,\"itemsTablet\":false,\"itemsTabletSmall\":false,\"itemsMobile\":false,\"responsive\":true,\"lazyLoad\":true,\"autoPlay\":4000,\"slideSpeed\":800,\"navigation\":true,\"navigationText\":[\"\",\"\"],\"pagination\":true,\"autoHeight\":false,\"mouseDrag\":false,\"touchDrag\":false,\"addClassActive\":true,\"transitionStyle\":false};<\/script><div data-id=\"45\" class=\"easingslider easingslider-45 easingslider-container easingslider-full-width easingslider-resizing-enabled easingslider-aspect-ratio easingslider-arrows-inside easingslider-pagination-inside easingslider-pagination-bottom-center\"><div class=\"easingslider-slide\"><img decoding=\"async\" src=\"https:\/\/apparthotel-marseilleprovence.com\/wp-content\/plugins\/easing-slider\/assets\/images\/placeholder-pixel.png\" data-src=\"https:\/\/apparthotel-marseilleprovence.com\/wp-content\/uploads\/2020\/11\/Bleu-et-Jaune-Grosses-Soldes-Annonce-Affiche-3-1280x800.png\" alt=\"\" title=\"\" class=\"easingslider-image easingslider-lazy\" \/><\/div><div class=\"easingslider-slide\"><img decoding=\"async\" src=\"https:\/\/apparthotel-marseilleprovence.com\/wp-content\/plugins\/easing-slider\/assets\/images\/placeholder-pixel.png\" data-src=\"https:\/\/apparthotel-marseilleprovence.com\/wp-content\/uploads\/2020\/11\/1-1280x800.jpeg\" alt=\"\" title=\"\" class=\"easingslider-image easingslider-lazy\" \/><\/div><div class=\"easingslider-slide\"><img decoding=\"async\" src=\"https:\/\/apparthotel-marseilleprovence.com\/wp-content\/plugins\/easing-slider\/assets\/images\/placeholder-pixel.png\" data-src=\"https:\/\/apparthotel-marseilleprovence.com\/wp-content\/uploads\/2020\/11\/4-1280x800.jpeg\" alt=\"\" title=\"\" class=\"easingslider-image easingslider-lazy\" \/><\/div><div class=\"easingslider-slide\"><img decoding=\"async\" src=\"https:\/\/apparthotel-marseilleprovence.com\/wp-content\/plugins\/easing-slider\/assets\/images\/placeholder-pixel.png\" data-src=\"https:\/\/apparthotel-marseilleprovence.com\/wp-content\/uploads\/2020\/11\/10-1280x800.jpeg\" alt=\"\" title=\"\" class=\"easingslider-image easingslider-lazy\" \/><\/div><div class=\"easingslider-slide\"><img decoding=\"async\" src=\"https:\/\/apparthotel-marseilleprovence.com\/wp-content\/plugins\/easing-slider\/assets\/images\/placeholder-pixel.png\" data-src=\"https:\/\/apparthotel-marseilleprovence.com\/wp-content\/uploads\/2020\/11\/12-1280x800.jpeg\" alt=\"\" title=\"\" class=\"easingslider-image easingslider-lazy\" \/><\/div><div class=\"easingslider-slide\"><img decoding=\"async\" src=\"https:\/\/apparthotel-marseilleprovence.com\/wp-content\/plugins\/easing-slider\/assets\/images\/placeholder-pixel.png\" data-src=\"https:\/\/apparthotel-marseilleprovence.com\/wp-content\/uploads\/2020\/11\/19-1280x800.jpeg\" alt=\"\" title=\"\" class=\"easingslider-image easingslider-lazy\" \/><\/div><div class=\"easingslider-slide\"><img decoding=\"async\" src=\"https:\/\/apparthotel-marseilleprovence.com\/wp-content\/plugins\/easing-slider\/assets\/images\/placeholder-pixel.png\" data-src=\"https:\/\/apparthotel-marseilleprovence.com\/wp-content\/uploads\/2020\/11\/20-1280x800.jpeg\" alt=\"\" title=\"\" class=\"easingslider-image easingslider-lazy\" \/><\/div><div class=\"easingslider-slide\"><img decoding=\"async\" src=\"https:\/\/apparthotel-marseilleprovence.com\/wp-content\/plugins\/easing-slider\/assets\/images\/placeholder-pixel.png\" data-src=\"https:\/\/apparthotel-marseilleprovence.com\/wp-content\/uploads\/2020\/11\/Marseille_01_Header-1553849235-1280x800.jpg\" alt=\"\" title=\"\" class=\"easingslider-image easingslider-lazy\" \/><\/div><\/div>\n<p>&nbsp;<\/p>\n<p>Appart&#8217;H\u00f4tel : Les atouts de ce studio sont avant tout le Calme et le Confort. Cet appartement est id\u00e9alement situ\u00e9 au c\u0153ur du quartier de La Joliette dans le centre de Marseille. C\u2019est l\u2019emplacement id\u00e9al pour vos vacances ou voyages d\u2019affaire. De plus, sa situation vous permet de rayonner sur Marseille et ses environs tr\u00e8s facilement.<!-- bookingWidget requires jQuery and jQueryUI --><!-- Include the following line ONCE ONLY on the page, preferably in the document head --><br \/>\n<script src='https:\/\/media.xmlcal.com\/widget\/1.00\/js\/bookWidget.min.js'><\/script><\/p>\n<p><!-- Place this div on your page where you want the widget to show --><\/p>\n<div id=\"bookWidget-68692-123249-0-1604531554\"><\/div>\n<p><!-- The following will initialize the widget in the above div --><br \/>\n<script>\njQuery(document).ready(function() {\n\tjQuery('#bookWidget-68692-123249-0-1604531554').bookWidget({\n\t\tpropid:123249,\n\t\tdateFormat:'dd\/mm\/yy',\n\t\tdateSelection:1,\n\t\tdefaultNightsAdvance:1,\n\t\tdefaultNumAdult:2,\n\t\tdefaultNumNight:2,\n\t\tformAction:'https:\/\/beds24.com\/booking.php',\n\t\tformTarget:'bookingWindow',\n\t\tmaxAdult:4,\n\t\tpeopleSelection:1,\n\t\tweekFirstDay:1,\n\t\twidgetLang:'fr',\n\t\twidgetType:'BookingStrip'\n\t});\n});\n<\/script><\/p>\n<p>Le logement<\/p>\n<p>Vous serez \u00e0 coup sur s\u00e9duit par notre charmant studio enti\u00e8rement refait \u00e0 neuf. Donc id\u00e9alement situ\u00e9 au centre de la ville de Marseille. A proximit\u00e9 imm\u00e9diate, vous trouverez \u00e0 la fois tous les commerces et restaurants dont vous pouvez avoir besoin et \u00e9galement des endroits pour vous restaurer. Que ce soit pour les loisirs ou vos voyages d\u2019affaire sa situation est donc l\u2019endroit id\u00e9al pour rayonner facilement sur l\u2019Hypercentre ou l\u2019agglom\u00e9ration. Nous avons essay\u00e9 de penser \u00e0 tout pour votre s\u00e9jour.<\/p>\n<p>Pratique :<\/p>\n<p>\u2013 Avant votre arriv\u00e9e nous vous envoyons notre guide personnel pour pr\u00e9parer au mieux votre visite, il retrace tous les aspects pratiques de votre s\u00e9jour (logement, commerces, bars, restaurants, urgences\u2026) ainsi qu\u2019un itin\u00e9raire conseill\u00e9 pour ne pas louper les \u201cessentiels\u201d de Marseille.<\/p>\n<p>\u2013 Plan de Marseille fourni \u00e0 votre arriv\u00e9e<\/p>\n<p>\u2013 Le guide de bienvenue disponible dans votre logement.<\/p>\n<p>\u2013 Bons plans pour d\u00e9couvrir Marseille (Lieux \u00e0 ne pas manquer, P\u00e2tisserie, Restos, Bars\u2026)<\/p>\n<p>\u2013 Arriv\u00e9e entre 15h et 21h (Si arriv\u00e9e en dehors de ces horaires nous contacter possibilit\u00e9 avec un suppl\u00e9ment de 10 euros)<\/p>\n<p>\u2013 D\u00e9part avant 11H<\/p>\n<p>Confort :<\/p>\n<p>\u2013 L&#8217;immeuble est s\u00e9curis\u00e9.<\/p>\n<p>\u2013 Cuisine \u00e9quip\u00e9e (Micro-ondes, four grill, cafeti\u00e8re \u00e0 dosettes, grille-pain, bouilloire, plaques de cuisson, casseroles, vaisselle, lave vaisselle, r\u00e9frig\u00e9rateur, cong\u00e9lateur\u2026)et fournie (Sel, Poivre, Huile\u2026)<\/p>\n<p>\u2013 N\u00e9cessaire de toilette (serviettes), produits de douche, s\u00e8che cheveux.<\/p>\n<p>\u2013 WIFI<\/p>\n<p>\u2013 TV HD<\/p>\n<p>\u2013 1 Lit Double confortable<\/p>\n<p>\u2013 1 Canap\u00e9 Convertible (avec un vrai matelas)<\/p>\n<p>\u2013 Bureau de travail<\/p>\n<p>\u2013 Table de Repas<\/p>\n<p>\u2013 Lave linge<\/p>\n<p>\u2013 Table et fer \u00e0 repasser<\/p>\n<p>Acc\u00e8s des voyageurs<\/p>\n<p>Situation G\u00e9ographique :<\/p>\n<p>&#8211; 300m des Terrasses du Port, Docks village, Rue de la R\u00e9publique.<\/p>\n<p>&#8211; 100m du Port Maritime de Marseille.<\/p>\n<p>&#8211; 400m de la Cath\u00e9drale de la Major et du Quartier Historique du Panier.<\/p>\n<p>&#8211; 300m des M\u00e9tros et transports en communs pour rayonner sur Marseille et son agglom\u00e9ration, Gare Saint-Charles, Castelane, Prado, Aix, Cassis, La Ciotat, Aubagne.<\/p>\n<p>&#8211; 800m du Vieux Port.<\/p>\n<p>En acc\u00e8s direct :<\/p>\n<p>&#8211; Bars, Restaurants, Carrefour Market, Port Maritime, Cath\u00e9drale de la Major, Quartier Panier, Mucem, Place de la Joliette, Terrasse du Port, Docks Village, Rue de la R\u00e9publique&#8230;<\/p>\n<p>&#8211; La Gare Saint Charles est \u00e0 2 arr\u00eats de M\u00e9tro.<\/p>\n<p>&#8211; Arr\u00eat Bus 82 (devant l&#8217;immeuble) qui desserre Saint Charles, Arenc le Silo, Plage Catalans.<\/p>\n<p>&#8211; Profitez de notre itin\u00e9raire de visite sous forme de plan pour ne pas manquer les essentiels de Marseille ainsi que les lieux moins connus appr\u00e9ci\u00e9s des Marseillais, fournis dans notre guide d&#8217;accueil.<\/p>\n<p>Stationnement et Acc\u00e8s :<\/p>\n<p>&#8211; Moins de 300m des transports (Bus, M\u00e9tro, Tram).<\/p>\n<p>&#8211; Stationnement possible aux alentours (zone gratuite ou payante).<\/p>\n<p>&#8211; 50m du Parking Q-Park (payant).<\/p>\n<p>Nous parlons Anglais.<\/p>\n<p>\u00c9changes avec les voyageurs :<\/p>\n<p>Nous serons ravi de vous accueillir et de vous conseiller les meilleures adresses pour vous restaurer et pour sortir (large choix de brasseries, bistrots et autres restaurants).<\/p>\n<p><a href=\"http:\/\/apparthotel-marseilleprovence.com\/index.php\/reserver-votre-sejour\/\">RESERVER<\/a><\/p>\n","protected":false},"excerpt":{"rendered":"<p>&nbsp; Appart&#8217;H\u00f4tel : Les atouts de ce studio sont avant tout le Calme et le Confort. Cet appartement est id\u00e9alement situ\u00e9 au c\u0153ur du quartier de La Joliette dans le centre de Marseille. C\u2019est l\u2019emplacement id\u00e9al pour vos vacances ou voyages d\u2019affaire. De plus, sa situation vous permet de rayonner sur Marseille et ses environs [&hellip;]<\/p>\n","protected":false},"author":1,"featured_media":0,"parent":0,"menu_order":0,"comment_status":"closed","ping_status":"closed","template":"","meta":{"_exactmetrics_skip_tracking":false,"_exactmetrics_sitenote_active":false,"_exactmetrics_sitenote_note":"","_exactmetrics_sitenote_category":0,"footnotes":""},"class_list":["post-35","page","type-page","status-publish","hentry","post-preview"],"yoast_head":"<!-- This site is optimized with the Yoast SEO plugin v24.9 - https:\/\/yoast.com\/wordpress\/plugins\/seo\/ -->\n<title>Logement en Duplex en Hypercentre de Marseille, quartier Joliette<\/title>\n<meta name=\"description\" content=\"Appart&#039;H\u00f4tel - Duplex Studio 4P - Joliette, Port Maritime et Docks Village. Nous serons ravis de vous accueillir dans nos logements.\" \/>\n<meta name=\"robots\" content=\"index, follow, max-snippet:-1, max-image-preview:large, max-video-preview:-1\" \/>\n<link rel=\"canonical\" href=\"https:\/\/apparthotel-marseilleprovence.com\/index.php\/duplex-au-centre-ville-de-marseille\/\" \/>\n<meta property=\"og:locale\" content=\"en_US\" \/>\n<meta property=\"og:type\" content=\"article\" \/>\n<meta property=\"og:title\" content=\"Logement en Duplex en Hypercentre de Marseille, quartier Joliette\" \/>\n<meta property=\"og:description\" content=\"Appart&#039;H\u00f4tel - Duplex Studio 4P - Joliette, Port Maritime et Docks Village. Nous serons ravis de vous accueillir dans nos logements.\" \/>\n<meta property=\"og:url\" content=\"https:\/\/apparthotel-marseilleprovence.com\/index.php\/duplex-au-centre-ville-de-marseille\/\" \/>\n<meta property=\"og:site_name\" content=\"AppartH\u00f4tel-Marseille\" \/>\n<meta property=\"article:modified_time\" content=\"2023-01-18T10:00:29+00:00\" \/>\n<meta name=\"twitter:card\" content=\"summary_large_image\" \/>\n<meta name=\"twitter:label1\" content=\"Est. reading time\" \/>\n\t<meta name=\"twitter:data1\" content=\"3 minutes\" \/>\n<script type=\"application\/ld+json\" class=\"yoast-schema-graph\">{\"@context\":\"https:\/\/schema.org\",\"@graph\":[{\"@type\":\"WebPage\",\"@id\":\"https:\/\/apparthotel-marseilleprovence.com\/index.php\/duplex-au-centre-ville-de-marseille\/\",\"url\":\"https:\/\/apparthotel-marseilleprovence.com\/index.php\/duplex-au-centre-ville-de-marseille\/\",\"name\":\"Logement en Duplex en Hypercentre de Marseille, quartier Joliette\",\"isPartOf\":{\"@id\":\"https:\/\/apparthotel-marseilleprovence.com\/#website\"},\"datePublished\":\"2020-10-22T21:18:45+00:00\",\"dateModified\":\"2023-01-18T10:00:29+00:00\",\"description\":\"Appart'H\u00f4tel - Duplex Studio 4P - Joliette, Port Maritime et Docks Village. Nous serons ravis de vous accueillir dans nos logements.\",\"breadcrumb\":{\"@id\":\"https:\/\/apparthotel-marseilleprovence.com\/index.php\/duplex-au-centre-ville-de-marseille\/#breadcrumb\"},\"inLanguage\":\"en-US\",\"potentialAction\":[{\"@type\":\"ReadAction\",\"target\":[\"https:\/\/apparthotel-marseilleprovence.com\/index.php\/duplex-au-centre-ville-de-marseille\/\"]}]},{\"@type\":\"BreadcrumbList\",\"@id\":\"https:\/\/apparthotel-marseilleprovence.com\/index.php\/duplex-au-centre-ville-de-marseille\/#breadcrumb\",\"itemListElement\":[{\"@type\":\"ListItem\",\"position\":1,\"name\":\"Accueil\",\"item\":\"https:\/\/apparthotel-marseilleprovence.com\/\"},{\"@type\":\"ListItem\",\"position\":2,\"name\":\"Le Duplex Studio\"}]},{\"@type\":\"WebSite\",\"@id\":\"https:\/\/apparthotel-marseilleprovence.com\/#website\",\"url\":\"https:\/\/apparthotel-marseilleprovence.com\/\",\"name\":\"AppartH\u00f4tel-Marseille\",\"description\":\"Une exp\u00e9rience unique pour vos s\u00e9jours \u00e0 Marseille\",\"potentialAction\":[{\"@type\":\"SearchAction\",\"target\":{\"@type\":\"EntryPoint\",\"urlTemplate\":\"https:\/\/apparthotel-marseilleprovence.com\/?s={search_term_string}\"},\"query-input\":{\"@type\":\"PropertyValueSpecification\",\"valueRequired\":true,\"valueName\":\"search_term_string\"}}],\"inLanguage\":\"en-US\"}]}<\/script>\n<!-- \/ Yoast SEO plugin. -->","yoast_head_json":{"title":"Logement en Duplex en Hypercentre de Marseille, quartier Joliette","description":"Appart'H\u00f4tel - Duplex Studio 4P - Joliette, Port Maritime et Docks Village. Nous serons ravis de vous accueillir dans nos logements.","robots":{"index":"index","follow":"follow","max-snippet":"max-snippet:-1","max-image-preview":"max-image-preview:large","max-video-preview":"max-video-preview:-1"},"canonical":"https:\/\/apparthotel-marseilleprovence.com\/index.php\/duplex-au-centre-ville-de-marseille\/","og_locale":"en_US","og_type":"article","og_title":"Logement en Duplex en Hypercentre de Marseille, quartier Joliette","og_description":"Appart'H\u00f4tel - Duplex Studio 4P - Joliette, Port Maritime et Docks Village. Nous serons ravis de vous accueillir dans nos logements.","og_url":"https:\/\/apparthotel-marseilleprovence.com\/index.php\/duplex-au-centre-ville-de-marseille\/","og_site_name":"AppartH\u00f4tel-Marseille","article_modified_time":"2023-01-18T10:00:29+00:00","twitter_card":"summary_large_image","twitter_misc":{"Est. reading time":"3 minutes"},"schema":{"@context":"https:\/\/schema.org","@graph":[{"@type":"WebPage","@id":"https:\/\/apparthotel-marseilleprovence.com\/index.php\/duplex-au-centre-ville-de-marseille\/","url":"https:\/\/apparthotel-marseilleprovence.com\/index.php\/duplex-au-centre-ville-de-marseille\/","name":"Logement en Duplex en Hypercentre de Marseille, quartier Joliette","isPartOf":{"@id":"https:\/\/apparthotel-marseilleprovence.com\/#website"},"datePublished":"2020-10-22T21:18:45+00:00","dateModified":"2023-01-18T10:00:29+00:00","description":"Appart'H\u00f4tel - Duplex Studio 4P - Joliette, Port Maritime et Docks Village. Nous serons ravis de vous accueillir dans nos logements.","breadcrumb":{"@id":"https:\/\/apparthotel-marseilleprovence.com\/index.php\/duplex-au-centre-ville-de-marseille\/#breadcrumb"},"inLanguage":"en-US","potentialAction":[{"@type":"ReadAction","target":["https:\/\/apparthotel-marseilleprovence.com\/index.php\/duplex-au-centre-ville-de-marseille\/"]}]},{"@type":"BreadcrumbList","@id":"https:\/\/apparthotel-marseilleprovence.com\/index.php\/duplex-au-centre-ville-de-marseille\/#breadcrumb","itemListElement":[{"@type":"ListItem","position":1,"name":"Accueil","item":"https:\/\/apparthotel-marseilleprovence.com\/"},{"@type":"ListItem","position":2,"name":"Le Duplex Studio"}]},{"@type":"WebSite","@id":"https:\/\/apparthotel-marseilleprovence.com\/#website","url":"https:\/\/apparthotel-marseilleprovence.com\/","name":"AppartH\u00f4tel-Marseille","description":"Une exp\u00e9rience unique pour vos s\u00e9jours \u00e0 Marseille","potentialAction":[{"@type":"SearchAction","target":{"@type":"EntryPoint","urlTemplate":"https:\/\/apparthotel-marseilleprovence.com\/?s={search_term_string}"},"query-input":{"@type":"PropertyValueSpecification","valueRequired":true,"valueName":"search_term_string"}}],"inLanguage":"en-US"}]}},"_links":{"self":[{"href":"https:\/\/apparthotel-marseilleprovence.com\/index.php\/wp-json\/wp\/v2\/pages\/35","targetHints":{"allow":["GET"]}}],"collection":[{"href":"https:\/\/apparthotel-marseilleprovence.com\/index.php\/wp-json\/wp\/v2\/pages"}],"about":[{"href":"https:\/\/apparthotel-marseilleprovence.com\/index.php\/wp-json\/wp\/v2\/types\/page"}],"author":[{"embeddable":true,"href":"https:\/\/apparthotel-marseilleprovence.com\/index.php\/wp-json\/wp\/v2\/users\/1"}],"replies":[{"embeddable":true,"href":"https:\/\/apparthotel-marseilleprovence.com\/index.php\/wp-json\/wp\/v2\/comments?post=35"}],"version-history":[{"count":12,"href":"https:\/\/apparthotel-marseilleprovence.com\/index.php\/wp-json\/wp\/v2\/pages\/35\/revisions"}],"predecessor-version":[{"id":185,"href":"https:\/\/apparthotel-marseilleprovence.com\/index.php\/wp-json\/wp\/v2\/pages\/35\/revisions\/185"}],"wp:attachment":[{"href":"https:\/\/apparthotel-marseilleprovence.com\/index.php\/wp-json\/wp\/v2\/media?parent=35"}],"curies":[{"name":"wp","href":"https:\/\/api.w.org\/{rel}","templated":true}]}}