{"id":25,"date":"2020-10-22T23:10:00","date_gmt":"2020-10-22T21:10:00","guid":{"rendered":"http:\/\/apparthotel-marseilleprovence.com\/?page_id=25"},"modified":"2023-01-17T16:45:05","modified_gmt":"2023-01-17T15:45:05","slug":"meubles-de-tourisme-apparthotel-a-marseille","status":"publish","type":"page","link":"https:\/\/apparthotel-marseilleprovence.com\/","title":{"rendered":"Meubl\u00e9s de Tourisme Appart&#8217;H\u00f4tel \u00e0 Marseille"},"content":{"rendered":"<p>Bienvenue aux Appart&#8217;H\u00f4tel de Marseille. Pour vos voyages d&#8217;affaire ou d\u00e9couvrir la Ville, les Meubl\u00e9s de Tourisme Appart&#8217;H\u00f4tel de Marseille sont la solution id\u00e9ale.<\/p>\n<p>Actuellement, nous vous proposons un appartement de type Duplex, id\u00e9alement situ\u00e9 au c\u0153ur du quartier de La Joliette, \u00e0 deux pas du Port Maritime, du Centre Commerciale des Terrasses du Port et des Docks Village.<\/p>\n<p>S\u00e9journer aux Appart&#8217;H\u00f4tel de Marseille, c&#8217;est l&#8217;assurance de passer un bon s\u00e9jour confortable et dans l&#8217;intimit\u00e9 d&#8217;un appartement priv\u00e9.<\/p>\n<p>C&#8217;est pourquoi, l&#8217;ensemble de nos appartements sont enti\u00e8rement \u00e9quip\u00e9s. N&#8217;h\u00e9sitez pas \u00e0 cliquer sur l&#8217;un des Appartements en haut de cette page pour les d\u00e9couvrir.<\/p>\n<p>Le bouton &#8220;<a href=\"http:\/\/apparthotel-marseilleprovence.com\/index.php\/reserver-votre-sejour\/\">R\u00e9server<\/a>&#8221; vous permet de r\u00e9server en temps r\u00e9el votre appartement.<\/p>\n<p>Des questions ? La Rubrique &#8220;<a href=\"http:\/\/apparthotel-marseilleprovence.com\/index.php\/contact\/\">Contact<\/a>&#8221; est l\u00e0 pour vous.<\/p>\n<p>Si vous le souhaitez, n&#8217;h\u00e9sitez pas \u00e0 nous suivre sur Facebook pour ne rien louper de notre actualit\u00e9.<\/p>\n<p><img loading=\"lazy\" decoding=\"async\" class=\"wp-image-28 alignleft\" src=\"http:\/\/apparthotel-marseilleprovence.com\/wp-content\/uploads\/2020\/10\/Mucem-300x169.jpg\" alt=\"\" width=\"326\" height=\"184\" srcset=\"https:\/\/apparthotel-marseilleprovence.com\/wp-content\/uploads\/2020\/10\/Mucem-300x169.jpg 300w, https:\/\/apparthotel-marseilleprovence.com\/wp-content\/uploads\/2020\/10\/Mucem.jpg 509w\" sizes=\"auto, (max-width: 326px) 100vw, 326px\" \/><\/p>\n<h4><\/h4>\n<h4><\/h4>\n<h4><\/h4>\n<p>&nbsp;<\/p>\n<p>&nbsp;<\/p>\n<p>&nbsp;<\/p>\n<h4>Les Appartements<\/h4>\n<p>Les appartements des Meubl\u00e9s de Tourisme Appart&#8217;H\u00f4tel de Marseille sont \u00e9galement propos\u00e9s sur les grandes plateformes de r\u00e9servation. Notre principale pr\u00e9occupation est votre bien-\u00eatre, avant, pendant et apr\u00e8s votre s\u00e9jour. Si vous avez des questions, n&#8217;h\u00e9sitez pas \u00e0 consulter notre rubrique contact qui r\u00e9f\u00e9rence les questions que nous recevons le plus souvent.<\/p>\n<p>La localisation des appartements est importante, c&#8217;est pourquoi nous privil\u00e9gions le centre ville de Marseille. Vous pourrez \u00e0 coup sur trouver les commerces, restaurants, boulangeries et autres commodit\u00e9s \u00e0 proximit\u00e9 imm\u00e9diate de nos logements.<\/p>\n<p>Le stationnement \u00e9tant une probl\u00e9matique dans toutes les grandes villes, c&#8217;est pourquoi nous avons privil\u00e9gi\u00e9 des emplacement proches des parkings publics payants ou gratuits. Par exemple le parking Q-Park \u00e0 50m de l&#8217;appartement, tr\u00e8s pratique pour vous garer facilement. Avant votre arriv\u00e9e, nous vous envoyons notre livret d&#8217;accueil qui regroupe ces informations.<\/p>\n<p>Vous arrivez plus t\u00f4t que l&#8217;horaire pr\u00e9vu sur votre r\u00e9servation et vous \u00eates encombr\u00e9 avec vos bagages ? Vous pourrez retrouver dans le livret d&#8217;accueil ainsi que les informations utiles sur les endroits pratiquant le d\u00e9p\u00f4t de bagages \u00e0 Marseille.<\/p>\n","protected":false},"excerpt":{"rendered":"<p>Bienvenue aux Appart&#8217;H\u00f4tel de Marseille. Pour vos voyages d&#8217;affaire ou d\u00e9couvrir la Ville, les Meubl\u00e9s de Tourisme Appart&#8217;H\u00f4tel de Marseille sont la solution id\u00e9ale. Actuellement, nous vous proposons un appartement de type Duplex, id\u00e9alement situ\u00e9 au c\u0153ur du quartier de La Joliette, \u00e0 deux pas du Port Maritime, du Centre Commerciale des Terrasses du Port [&hellip;]<\/p>\n","protected":false},"author":1,"featured_media":0,"parent":0,"menu_order":0,"comment_status":"closed","ping_status":"closed","template":"","meta":{"_exactmetrics_skip_tracking":false,"_exactmetrics_sitenote_active":false,"_exactmetrics_sitenote_note":"","_exactmetrics_sitenote_category":0,"footnotes":""},"class_list":["post-25","page","type-page","status-publish","hentry","post-preview"],"yoast_head":"<!-- This site is optimized with the Yoast SEO plugin v24.9 - https:\/\/yoast.com\/wordpress\/plugins\/seo\/ -->\n<title>Meubl\u00e9s de Tourisme Appart&#039;H\u00f4tel \u00e0 Marseille -<\/title>\n<meta name=\"description\" content=\"Meubl\u00e9s de Tourisme Appart&#039;H\u00f4tel \u00e0 Marseille : Pour vos vacances ou vos voyages d&#039;affaire, les Appart&#039;H\u00f4tel de Marseille sont id\u00e9ales.\" \/>\n<meta name=\"robots\" content=\"index, follow, max-snippet:-1, max-image-preview:large, max-video-preview:-1\" \/>\n<link rel=\"canonical\" href=\"https:\/\/apparthotel-marseilleprovence.com\/\" \/>\n<meta property=\"og:locale\" content=\"en_US\" \/>\n<meta property=\"og:type\" content=\"article\" \/>\n<meta property=\"og:title\" content=\"Meubl\u00e9s de Tourisme Appart&#039;H\u00f4tel \u00e0 Marseille -\" \/>\n<meta property=\"og:description\" content=\"Meubl\u00e9s de Tourisme Appart&#039;H\u00f4tel \u00e0 Marseille : Pour vos vacances ou vos voyages d&#039;affaire, les Appart&#039;H\u00f4tel de Marseille sont id\u00e9ales.\" \/>\n<meta property=\"og:url\" content=\"https:\/\/apparthotel-marseilleprovence.com\/\" \/>\n<meta property=\"og:site_name\" content=\"AppartH\u00f4tel-Marseille\" \/>\n<meta property=\"article:modified_time\" content=\"2023-01-17T15:45:05+00:00\" \/>\n<meta property=\"og:image\" content=\"http:\/\/apparthotel-marseilleprovence.com\/wp-content\/uploads\/2020\/10\/Mucem-300x169.jpg\" \/>\n<meta name=\"twitter:card\" content=\"summary_large_image\" \/>\n<meta name=\"twitter:label1\" content=\"Est. reading time\" \/>\n\t<meta name=\"twitter:data1\" content=\"2 minutes\" \/>\n<script type=\"application\/ld+json\" class=\"yoast-schema-graph\">{\"@context\":\"https:\/\/schema.org\",\"@graph\":[{\"@type\":\"WebPage\",\"@id\":\"https:\/\/apparthotel-marseilleprovence.com\/\",\"url\":\"https:\/\/apparthotel-marseilleprovence.com\/\",\"name\":\"Meubl\u00e9s de Tourisme Appart'H\u00f4tel \u00e0 Marseille -\",\"isPartOf\":{\"@id\":\"https:\/\/apparthotel-marseilleprovence.com\/#website\"},\"primaryImageOfPage\":{\"@id\":\"https:\/\/apparthotel-marseilleprovence.com\/#primaryimage\"},\"image\":{\"@id\":\"https:\/\/apparthotel-marseilleprovence.com\/#primaryimage\"},\"thumbnailUrl\":\"http:\/\/apparthotel-marseilleprovence.com\/wp-content\/uploads\/2020\/10\/Mucem-300x169.jpg\",\"datePublished\":\"2020-10-22T21:10:00+00:00\",\"dateModified\":\"2023-01-17T15:45:05+00:00\",\"description\":\"Meubl\u00e9s de Tourisme Appart'H\u00f4tel \u00e0 Marseille : Pour vos vacances ou vos voyages d'affaire, les Appart'H\u00f4tel de Marseille sont id\u00e9ales.\",\"breadcrumb\":{\"@id\":\"https:\/\/apparthotel-marseilleprovence.com\/#breadcrumb\"},\"inLanguage\":\"en-US\",\"potentialAction\":[{\"@type\":\"ReadAction\",\"target\":[\"https:\/\/apparthotel-marseilleprovence.com\/\"]}]},{\"@type\":\"ImageObject\",\"inLanguage\":\"en-US\",\"@id\":\"https:\/\/apparthotel-marseilleprovence.com\/#primaryimage\",\"url\":\"https:\/\/apparthotel-marseilleprovence.com\/wp-content\/uploads\/2020\/10\/Mucem.jpg\",\"contentUrl\":\"https:\/\/apparthotel-marseilleprovence.com\/wp-content\/uploads\/2020\/10\/Mucem.jpg\",\"width\":509,\"height\":286},{\"@type\":\"BreadcrumbList\",\"@id\":\"https:\/\/apparthotel-marseilleprovence.com\/#breadcrumb\",\"itemListElement\":[{\"@type\":\"ListItem\",\"position\":1,\"name\":\"Accueil\",\"item\":\"https:\/\/apparthotel-marseilleprovence.com\/\"},{\"@type\":\"ListItem\",\"position\":2,\"name\":\"Meubl\u00e9s de Tourisme Appart&#8217;H\u00f4tel \u00e0 Marseille\"}]},{\"@type\":\"WebSite\",\"@id\":\"https:\/\/apparthotel-marseilleprovence.com\/#website\",\"url\":\"https:\/\/apparthotel-marseilleprovence.com\/\",\"name\":\"AppartH\u00f4tel-Marseille\",\"description\":\"Une exp\u00e9rience unique pour vos s\u00e9jours \u00e0 Marseille\",\"potentialAction\":[{\"@type\":\"SearchAction\",\"target\":{\"@type\":\"EntryPoint\",\"urlTemplate\":\"https:\/\/apparthotel-marseilleprovence.com\/?s={search_term_string}\"},\"query-input\":{\"@type\":\"PropertyValueSpecification\",\"valueRequired\":true,\"valueName\":\"search_term_string\"}}],\"inLanguage\":\"en-US\"}]}<\/script>\n<!-- \/ Yoast SEO plugin. -->","yoast_head_json":{"title":"Meubl\u00e9s de Tourisme Appart'H\u00f4tel \u00e0 Marseille -","description":"Meubl\u00e9s de Tourisme Appart'H\u00f4tel \u00e0 Marseille : Pour vos vacances ou vos voyages d'affaire, les Appart'H\u00f4tel de Marseille sont id\u00e9ales.","robots":{"index":"index","follow":"follow","max-snippet":"max-snippet:-1","max-image-preview":"max-image-preview:large","max-video-preview":"max-video-preview:-1"},"canonical":"https:\/\/apparthotel-marseilleprovence.com\/","og_locale":"en_US","og_type":"article","og_title":"Meubl\u00e9s de Tourisme Appart'H\u00f4tel \u00e0 Marseille -","og_description":"Meubl\u00e9s de Tourisme Appart'H\u00f4tel \u00e0 Marseille : Pour vos vacances ou vos voyages d'affaire, les Appart'H\u00f4tel de Marseille sont id\u00e9ales.","og_url":"https:\/\/apparthotel-marseilleprovence.com\/","og_site_name":"AppartH\u00f4tel-Marseille","article_modified_time":"2023-01-17T15:45:05+00:00","og_image":[{"url":"http:\/\/apparthotel-marseilleprovence.com\/wp-content\/uploads\/2020\/10\/Mucem-300x169.jpg","type":"","width":"","height":""}],"twitter_card":"summary_large_image","twitter_misc":{"Est. reading time":"2 minutes"},"schema":{"@context":"https:\/\/schema.org","@graph":[{"@type":"WebPage","@id":"https:\/\/apparthotel-marseilleprovence.com\/","url":"https:\/\/apparthotel-marseilleprovence.com\/","name":"Meubl\u00e9s de Tourisme Appart'H\u00f4tel \u00e0 Marseille -","isPartOf":{"@id":"https:\/\/apparthotel-marseilleprovence.com\/#website"},"primaryImageOfPage":{"@id":"https:\/\/apparthotel-marseilleprovence.com\/#primaryimage"},"image":{"@id":"https:\/\/apparthotel-marseilleprovence.com\/#primaryimage"},"thumbnailUrl":"http:\/\/apparthotel-marseilleprovence.com\/wp-content\/uploads\/2020\/10\/Mucem-300x169.jpg","datePublished":"2020-10-22T21:10:00+00:00","dateModified":"2023-01-17T15:45:05+00:00","description":"Meubl\u00e9s de Tourisme Appart'H\u00f4tel \u00e0 Marseille : Pour vos vacances ou vos voyages d'affaire, les Appart'H\u00f4tel de Marseille sont id\u00e9ales.","breadcrumb":{"@id":"https:\/\/apparthotel-marseilleprovence.com\/#breadcrumb"},"inLanguage":"en-US","potentialAction":[{"@type":"ReadAction","target":["https:\/\/apparthotel-marseilleprovence.com\/"]}]},{"@type":"ImageObject","inLanguage":"en-US","@id":"https:\/\/apparthotel-marseilleprovence.com\/#primaryimage","url":"https:\/\/apparthotel-marseilleprovence.com\/wp-content\/uploads\/2020\/10\/Mucem.jpg","contentUrl":"https:\/\/apparthotel-marseilleprovence.com\/wp-content\/uploads\/2020\/10\/Mucem.jpg","width":509,"height":286},{"@type":"BreadcrumbList","@id":"https:\/\/apparthotel-marseilleprovence.com\/#breadcrumb","itemListElement":[{"@type":"ListItem","position":1,"name":"Accueil","item":"https:\/\/apparthotel-marseilleprovence.com\/"},{"@type":"ListItem","position":2,"name":"Meubl\u00e9s de Tourisme Appart&#8217;H\u00f4tel \u00e0 Marseille"}]},{"@type":"WebSite","@id":"https:\/\/apparthotel-marseilleprovence.com\/#website","url":"https:\/\/apparthotel-marseilleprovence.com\/","name":"AppartH\u00f4tel-Marseille","description":"Une exp\u00e9rience unique pour vos s\u00e9jours \u00e0 Marseille","potentialAction":[{"@type":"SearchAction","target":{"@type":"EntryPoint","urlTemplate":"https:\/\/apparthotel-marseilleprovence.com\/?s={search_term_string}"},"query-input":{"@type":"PropertyValueSpecification","valueRequired":true,"valueName":"search_term_string"}}],"inLanguage":"en-US"}]}},"_links":{"self":[{"href":"https:\/\/apparthotel-marseilleprovence.com\/index.php\/wp-json\/wp\/v2\/pages\/25","targetHints":{"allow":["GET"]}}],"collection":[{"href":"https:\/\/apparthotel-marseilleprovence.com\/index.php\/wp-json\/wp\/v2\/pages"}],"about":[{"href":"https:\/\/apparthotel-marseilleprovence.com\/index.php\/wp-json\/wp\/v2\/types\/page"}],"author":[{"embeddable":true,"href":"https:\/\/apparthotel-marseilleprovence.com\/index.php\/wp-json\/wp\/v2\/users\/1"}],"replies":[{"embeddable":true,"href":"https:\/\/apparthotel-marseilleprovence.com\/index.php\/wp-json\/wp\/v2\/comments?post=25"}],"version-history":[{"count":19,"href":"https:\/\/apparthotel-marseilleprovence.com\/index.php\/wp-json\/wp\/v2\/pages\/25\/revisions"}],"predecessor-version":[{"id":131,"href":"https:\/\/apparthotel-marseilleprovence.com\/index.php\/wp-json\/wp\/v2\/pages\/25\/revisions\/131"}],"wp:attachment":[{"href":"https:\/\/apparthotel-marseilleprovence.com\/index.php\/wp-json\/wp\/v2\/media?parent=25"}],"curies":[{"name":"wp","href":"https:\/\/api.w.org\/{rel}","templated":true}]}}